{"id":91,"date":"2020-05-20T15:02:03","date_gmt":"2020-05-20T15:02:03","guid":{"rendered":"http:\/\/leipzigfewo.de\/?page_id=91"},"modified":"2020-06-19T18:53:45","modified_gmt":"2020-06-19T18:53:45","slug":"fragen","status":"publish","type":"page","link":"https:\/\/leipzigfewo.de\/?page_id=91","title":{"rendered":"Fragen?"},"content":{"rendered":"\n<p>Ab wann ist die Anreise m\u00f6glich?<\/p>\n\n\n\n<p>Gern ab 15Uhr &#8211; oder nach individueller Absprache.<\/p>\n\n\n\n<p><\/p>\n\n\n\n<p>Bis wann erfolgt die Abreise?<\/p>\n\n\n\n<p>Bis 10Uhr , sp\u00e4testens 11Uhr&#8230;.also noch in Ruhe das Fr\u00fchst\u00fcck genie\u00dfen.<\/p>\n\n\n\n<p><\/p>\n\n\n\n<p>Gibt es Stellplatz f\u00fcr den PKW?<\/p>\n\n\n\n<p>Ja direkt auf dem Grundst\u00fcck (+ Kamera auf dem Parkplatz)<\/p>\n\n\n\n<p><\/p>\n\n\n\n<p>Gibt es M\u00f6glichkeiten bei Geh-Behinderung?<\/p>\n\n\n\n<p>Ja. Ebenerdiger Zugang, breite T\u00fcren, keine Treppen<\/p>\n\n\n\n<p>Gibt es Fahrr\u00e4der?<\/p>\n\n\n\n<p> Ja k\u00f6nnen sie f\u00fcr Touren gern ausleihen.<\/p>\n\n\n\n<p>Gibt es Fahrradst\u00e4nder? <\/p>\n\n\n\n<p>Ja auf dem Grundst\u00fcck vorhanden oder sie stellen die R\u00e4der auf Ihre Terrasse.  (teilw. mit Dach\u00fcberstand)<\/p>\n","protected":false},"excerpt":{"rendered":"<p>Ab wann ist die Anreise m\u00f6glich? Gern ab 15Uhr &#8211; oder nach individueller Absprache. Bis wann erfolgt die Abreise? Bis 10Uhr , sp\u00e4testens 11Uhr&#8230;.also noch in Ruhe das Fr\u00fchst\u00fcck genie\u00dfen. Gibt es Stellplatz f\u00fcr den PKW? Ja direkt auf dem Grundst\u00fcck (+ Kamera auf dem Parkplatz) Gibt es M\u00f6glichkeiten bei Geh-Behinderung? Ja. Ebenerdiger Zugang, breite &hellip; <\/p>\n<p class=\"link-more\"><a href=\"https:\/\/leipzigfewo.de\/?page_id=91\" class=\"more-link\"><span class=\"screen-reader-text\">\u201eFragen?\u201c<\/span> weiterlesen<\/a><\/p>\n","protected":false},"author":1,"featured_media":0,"parent":0,"menu_order":0,"comment_status":"closed","ping_status":"closed","template":"","meta":{"footnotes":""},"class_list":["post-91","page","type-page","status-publish","hentry"],"_links":{"self":[{"href":"https:\/\/leipzigfewo.de\/index.php?rest_route=\/wp\/v2\/pages\/91","targetHints":{"allow":["GET"]}}],"collection":[{"href":"https:\/\/leipzigfewo.de\/index.php?rest_route=\/wp\/v2\/pages"}],"about":[{"href":"https:\/\/leipzigfewo.de\/index.php?rest_route=\/wp\/v2\/types\/page"}],"author":[{"embeddable":true,"href":"https:\/\/leipzigfewo.de\/index.php?rest_route=\/wp\/v2\/users\/1"}],"replies":[{"embeddable":true,"href":"https:\/\/leipzigfewo.de\/index.php?rest_route=%2Fwp%2Fv2%2Fcomments&post=91"}],"version-history":[{"count":4,"href":"https:\/\/leipzigfewo.de\/index.php?rest_route=\/wp\/v2\/pages\/91\/revisions"}],"predecessor-version":[{"id":257,"href":"https:\/\/leipzigfewo.de\/index.php?rest_route=\/wp\/v2\/pages\/91\/revisions\/257"}],"wp:attachment":[{"href":"https:\/\/leipzigfewo.de\/index.php?rest_route=%2Fwp%2Fv2%2Fmedia&parent=91"}],"curies":[{"name":"wp","href":"https:\/\/api.w.org\/{rel}","templated":true}]}}