{"id":17,"date":"2020-05-20T11:22:46","date_gmt":"2020-05-20T11:22:46","guid":{"rendered":"http:\/\/leipzigfewo.de\/?page_id=17"},"modified":"2020-06-19T18:38:45","modified_gmt":"2020-06-19T18:38:45","slug":"home","status":"publish","type":"page","link":"https:\/\/leipzigfewo.de\/","title":{"rendered":"Home"},"content":{"rendered":"\n<p>Unser G\u00e4stehaus befindet sich in bester Lage, s\u00fcd\u00f6stlich von Leipzig&#8230;.zwischen der City und den Seen. Sehr ruhig und trotzdem optimal angebunden an die City \u00fcber die Prager Stra\u00dfe. Die Stra\u00dfenbahn-Haltestelle gleich in der N\u00e4he.  Auch sch\u00f6ner Ausgangspunkt f\u00fcr Radtouren. Zur\u00fcck von ihrem Stadt-Bummel oder Radtour erholen sie sich auf Ihrer Terrasse mit Wlan und Blick in den mediteranen Garten. Fragen sie per Mail oder Tel. nach Ihrem Wunschtermin.  -siehe Kontakt .<\/p>\n\n\n\n<p><\/p>\n","protected":false},"excerpt":{"rendered":"<p>Unser G\u00e4stehaus befindet sich in bester Lage, s\u00fcd\u00f6stlich von Leipzig&#8230;.zwischen der City und den Seen. Sehr ruhig und trotzdem optimal angebunden an die City \u00fcber die Prager Stra\u00dfe. Die Stra\u00dfenbahn-Haltestelle gleich in der N\u00e4he. Auch sch\u00f6ner Ausgangspunkt f\u00fcr Radtouren. Zur\u00fcck von ihrem Stadt-Bummel oder Radtour erholen sie sich auf Ihrer Terrasse mit Wlan und Blick &hellip; <\/p>\n<p class=\"link-more\"><a href=\"https:\/\/leipzigfewo.de\/\" class=\"more-link\"><span class=\"screen-reader-text\">\u201eHome\u201c<\/span> weiterlesen<\/a><\/p>\n","protected":false},"author":1,"featured_media":241,"parent":0,"menu_order":0,"comment_status":"closed","ping_status":"closed","template":"","meta":{"footnotes":""},"class_list":["post-17","page","type-page","status-publish","has-post-thumbnail","hentry"],"_links":{"self":[{"href":"https:\/\/leipzigfewo.de\/index.php?rest_route=\/wp\/v2\/pages\/17","targetHints":{"allow":["GET"]}}],"collection":[{"href":"https:\/\/leipzigfewo.de\/index.php?rest_route=\/wp\/v2\/pages"}],"about":[{"href":"https:\/\/leipzigfewo.de\/index.php?rest_route=\/wp\/v2\/types\/page"}],"author":[{"embeddable":true,"href":"https:\/\/leipzigfewo.de\/index.php?rest_route=\/wp\/v2\/users\/1"}],"replies":[{"embeddable":true,"href":"https:\/\/leipzigfewo.de\/index.php?rest_route=%2Fwp%2Fv2%2Fcomments&post=17"}],"version-history":[{"count":20,"href":"https:\/\/leipzigfewo.de\/index.php?rest_route=\/wp\/v2\/pages\/17\/revisions"}],"predecessor-version":[{"id":249,"href":"https:\/\/leipzigfewo.de\/index.php?rest_route=\/wp\/v2\/pages\/17\/revisions\/249"}],"wp:featuredmedia":[{"embeddable":true,"href":"https:\/\/leipzigfewo.de\/index.php?rest_route=\/wp\/v2\/media\/241"}],"wp:attachment":[{"href":"https:\/\/leipzigfewo.de\/index.php?rest_route=%2Fwp%2Fv2%2Fmedia&parent=17"}],"curies":[{"name":"wp","href":"https:\/\/api.w.org\/{rel}","templated":true}]}}